{"id":301,"date":"2023-03-09T10:14:18","date_gmt":"2023-03-09T10:14:18","guid":{"rendered":"https:\/\/libellu.si\/?page_id=301"},"modified":"2023-03-09T10:14:18","modified_gmt":"2023-03-09T10:14:18","slug":"kaj-so-piskotki","status":"publish","type":"page","link":"https:\/\/libellu.si\/en\/kaj-so-piskotki\/","title":{"rendered":"Kaj so pi\u0161kotki?"},"content":{"rendered":"<h1>Pi\u0161kotki<\/h1>\n<p>&nbsp;<\/p>\n<h2>Kaj so pi\u0161kotki?<\/h2>\n<p>&nbsp;<\/p>\n<p>Pi\u0161kotki so majhne tekstovne datoteke, ki se zapi\u0161ejo na va\u0161 ra\u010dunalnik, ko obi\u0161\u010dete spletno stran.<\/p>\n<p>&nbsp;<\/p>\n<p>Pi\u0161kotki slu\u017eijo za zagotavljanje sledljivosti in ko se naslednji\u010d vrnete na stran preko istega brskalnika lahko le ta preveri, ali je pi\u0161kotek prisoten, in uporabi podatke iz pi\u0161kotka ter jih po\u0161lje nazaj strani.<\/p>\n<p>&nbsp;<\/p>\n<p>Pi\u0161kotki nam omogo\u010dajo, da prepoznamo ali nas je uporabnik \u017ee predhodno obiskal, in v nekaterih primerih temu lahko prilagodimo prikazano vsebino.<\/p>\n<p>&nbsp;<\/p>\n<h2>Upravljanje in brisanje pi\u0161kotkov<\/h2>\n<p>&nbsp;<\/p>\n<p>V primeru, da se odlo\u010dite spremeniti na\u010din, kako brskalnik uporablja pi\u0161kotke lahko to storite s spreminjanjem nastavitev brskalnika.<br \/>\nVe\u010dina brskalnikov omogo\u010da da zavrnete ali sprejmete vse pi\u0161kotke, sprejmete samo dolo\u010dene pi\u0161kotke ali pa vas vsaki\u010d vpra\u0161a ali dovolite pi\u0161kotke za dolo\u010deno stran ali ne.<\/p>\n<p>&nbsp;<\/p>\n<p>Brisanje pi\u0161kotkov se razlikuje glede na brskalnik, ki ga uporabljate. Za navodila, kako to storiti, vam predlagamo, da se poslu\u017eite pomo\u010di v brskalniku kjer boste na\u0161li navodila za upravljanje pi\u0161kotkov va\u0161ega brskalnika.<\/p>\n<p>&nbsp;<\/p>\n<h2>Na\u0161e spletno mesto shranjuje naslednje pi\u0161kotke<\/h2>\n<p>&nbsp;<\/p>\n<table border=\"0\" summary=\"tabela_piskotki\" width=\"100%\" cellspacing=\"0\" cellpadding=\"0\">\n<tbody>\n<tr>\n<td valign=\"top\"><b>Ime pi\u0161kotka<\/b><\/td>\n<td valign=\"top\"><b>Namen<\/b><\/td>\n<td valign=\"top\"><b>\u010cas trajanja<\/b><\/td>\n<td valign=\"top\"><b>Izvor<\/b><\/td>\n<\/tr>\n<tr>\n<td valign=\"top\"><b>_utma<\/b><\/td>\n<td valign=\"top\">Statistika ogledov spletne strani<\/td>\n<td valign=\"top\">2 leti<\/td>\n<td valign=\"top\">Google<\/td>\n<\/tr>\n<tr>\n<td valign=\"top\"><b>_utmz<\/b><\/td>\n<td valign=\"top\">Statistika ogledov spletne strani<\/td>\n<td valign=\"top\">6 mesecev<\/td>\n<td valign=\"top\">Google<\/td>\n<\/tr>\n<tr>\n<td valign=\"top\"><b>_utmb<\/b><\/td>\n<td valign=\"top\">Statistika ogledov spletne strani<\/td>\n<td valign=\"top\">30 minut<\/td>\n<td valign=\"top\">Google<\/td>\n<\/tr>\n<tr>\n<td valign=\"top\"><b>_utmc <\/b><\/td>\n<td valign=\"top\">Statistika ogledov spletne strani<\/td>\n<td valign=\"top\">Ob zaprtju brskalnika<\/td>\n<td valign=\"top\">Google<\/td>\n<\/tr>\n<tr>\n<td valign=\"top\"><b>PREF<\/b><\/td>\n<td valign=\"top\">Nastavitve uporabnika<\/td>\n<td valign=\"top\">18 mesecev<\/td>\n<td valign=\"top\">Google<\/td>\n<\/tr>\n<tr>\n<td valign=\"top\"><b>datr<\/b><\/td>\n<td valign=\"top\">Facebook vti\u010dnik<\/td>\n<td valign=\"top\">2 leti<\/td>\n<td valign=\"top\">Facebook<\/td>\n<\/tr>\n<tr>\n<td valign=\"top\"><b>twitter_sess<\/b><\/td>\n<td valign=\"top\">Twitter vti\u010dnik<\/td>\n<td valign=\"top\">Sejni pi\u0161kotek<\/td>\n<td valign=\"top\">Twitter<\/td>\n<\/tr>\n<tr>\n<td valign=\"top\"><b>original_referrer<\/b><\/td>\n<td valign=\"top\">Twitter vti\u010dnik<\/td>\n<td valign=\"top\">Sejni pi\u0161kotek<\/td>\n<td valign=\"top\">Twitter<\/td>\n<\/tr>\n<tr>\n<td valign=\"top\"><b>guest_id<\/b><\/td>\n<td valign=\"top\">Twitter vti\u010dnik<\/td>\n<td valign=\"top\">2 leti<\/td>\n<td valign=\"top\">Twitter<\/td>\n<\/tr>\n<tr>\n<td valign=\"top\"><b>k<\/b><\/td>\n<td valign=\"top\">Twitter vti\u010dnik<\/td>\n<td valign=\"top\">1 teden<\/td>\n<td valign=\"top\">Twitter<\/td>\n<\/tr>\n<tr>\n<td valign=\"top\"><b>pid<\/b><\/td>\n<td valign=\"top\">Twitter vti\u010dnik<\/td>\n<td valign=\"top\">2 leti<\/td>\n<td valign=\"top\">Twitter<\/td>\n<\/tr>\n<tr>\n<td valign=\"top\"><b>cc_cookie_accept<\/b><\/td>\n<td valign=\"top\">Pi\u0161kotek zabele\u017ei va\u0161o nastavitev da dovolite zapis pi\u0161kotkov<\/td>\n<td valign=\"top\">1 leto<\/td>\n<td valign=\"top\">LIBELLU, Carmen Medic s.p.<\/td>\n<\/tr>\n<tr>\n<td valign=\"top\"><b>cc_cookie_decline <\/b><\/td>\n<td valign=\"top\">Pi\u0161kotek zabele\u017ei va\u0161o nastavitev da ne \u017eelite bele\u017eiti pi\u0161kotkov<\/td>\n<td valign=\"top\">1 leto<\/td>\n<td valign=\"top\">LIBELLU, Carmen Medic s.p.<\/td>\n<\/tr>\n<tr>\n<td valign=\"top\"><b>ASPSESSIONID<\/b><\/td>\n<td valign=\"top\">Sejni pi\u0161kotek potreben za delovanje strani<\/td>\n<td valign=\"top\">Do zaprtja brskalnika<\/td>\n<td valign=\"top\">LIBELLU, Carmen Medic s.p.<\/td>\n<\/tr>\n<tr>\n<td valign=\"top\"><b>mypanel<\/b><\/td>\n<td valign=\"top\">Sejni pi\u0161kotek potreben za delovanje strani<\/td>\n<td valign=\"top\">Do zaprtja brskalnika<\/td>\n<td valign=\"top\">LIBELLU, Carmen Medic s.p.<\/td>\n<\/tr>\n<\/tbody>\n<\/table>","protected":false},"excerpt":{"rendered":"<p>Pi\u0161kotki &nbsp; Kaj so pi\u0161kotki? &nbsp; Pi\u0161kotki so majhne tekstovne datoteke, ki se zapi\u0161ejo na va\u0161 ra\u010dunalnik, ko obi\u0161\u010dete spletno stran. &nbsp; Pi\u0161kotki slu\u017eijo za zagotavljanje sledljivosti in ko se naslednji\u010d vrnete na stran preko istega brskalnika lahko le ta preveri, ali je pi\u0161kotek prisoten, in uporabi podatke iz pi\u0161kotka ter jih po\u0161lje nazaj strani. [&#8230;]\n","protected":false},"author":1,"featured_media":0,"parent":0,"menu_order":0,"comment_status":"closed","ping_status":"closed","template":"","meta":{"footnotes":""},"class_list":["post-301","page","type-page","status-publish","hentry"],"_links":{"self":[{"href":"https:\/\/libellu.si\/en\/wp-json\/wp\/v2\/pages\/301","targetHints":{"allow":["GET"]}}],"collection":[{"href":"https:\/\/libellu.si\/en\/wp-json\/wp\/v2\/pages"}],"about":[{"href":"https:\/\/libellu.si\/en\/wp-json\/wp\/v2\/types\/page"}],"author":[{"embeddable":true,"href":"https:\/\/libellu.si\/en\/wp-json\/wp\/v2\/users\/1"}],"replies":[{"embeddable":true,"href":"https:\/\/libellu.si\/en\/wp-json\/wp\/v2\/comments?post=301"}],"version-history":[{"count":1,"href":"https:\/\/libellu.si\/en\/wp-json\/wp\/v2\/pages\/301\/revisions"}],"predecessor-version":[{"id":302,"href":"https:\/\/libellu.si\/en\/wp-json\/wp\/v2\/pages\/301\/revisions\/302"}],"wp:attachment":[{"href":"https:\/\/libellu.si\/en\/wp-json\/wp\/v2\/media?parent=301"}],"curies":[{"name":"wp","href":"https:\/\/api.w.org\/{rel}","templated":true}]}}