{"id":3,"date":"2023-03-01T09:23:26","date_gmt":"2023-03-01T09:23:26","guid":{"rendered":"https:\/\/libellu.si\/?page_id=3"},"modified":"2023-03-09T10:21:43","modified_gmt":"2023-03-09T10:21:43","slug":"pogoji-poslovanja","status":"publish","type":"page","link":"https:\/\/libellu.si\/en\/pogoji-poslovanja\/","title":{"rendered":"Terms and conditions"},"content":{"rendered":"<p><b>General terms and conditions (29 August 2022)<\/b><\/p>\r\n<p>The General Terms and Conditions of Business govern the operation of the online\nstore, the rights and obligations of the user and the store and regulate the business\nrelationship between the provider or store and the user or customer. We advise you\nto read the terms and conditions below carefully before placing an online order. By\nusing the website, you signify your acceptance of these terms. Libellu, Carmen\nMedic s.p. reserves the right to change the terms and conditions on the\nhttps:\/\/libellu.si website at any time. The sale and delivery of goods is, in\nprinciple, only possible within the territory of the Republic of Slovenia and the EU.\nWe can also deliver outside the EU upon request.<\/p>\r\n<p><b>Consumer protection<\/b><\/p>\r\n<p>The Libellu online store operates in accordance with the Consumer Protection Act.\n(http:\/\/www.pisrs.si\/Pis.web\/pregledPredpisa?id=ZAKO4165)<\/p>\r\n<p><b>Prices and up-to date<\/b><\/p>\r\n<p>All prices in the online store include 22% VAT. Prices are in euros (EUR). The prices\non the Libellu website are valid at the time the order is placed and are valid until the\ndate of publication of the new price list. Prices are valid only for purchases made\nthrough the libellu.si online store. The price does not include delivery. The provider -\nlibellu.si online store - tries to ensure that the information provided online is as up-to-\ndate and correct as possible. However, the characteristics of the items, the delivery\ntime and the price change, so there is a minimal chance that the supplier may not be\nable to correct the information on the website at the same time as the change. In\nsuch a case, the Buyer shall be informed of the changes and shall be given the\nopportunity to cancel or replace the ordered item.<\/p>\r\n<p><b>Product photos and features<\/b><\/p>\r\n<p>Photo does not guarantee product quality and does not guarantee stock. We try to\npresent our products correctly, but due to screen settings, colour deviations may\noccur. For handmade products, there may be slight differences in colour, pattern and\nsize.<\/p>\r\n<p><b>Ordering via the Libellu online store<\/b><\/p>\r\n<p>Online ordering is available 24 hours a day, every day of the year. The customer\nselects and orders the products available to them in the online store, which are\nclassified in categories.<\/p>\r\n<p>Orders are accepted via\u00a0<b>purchase tab in the libellu.si online store,<\/b>and for further\ninformation you can contact us by e-mail info@libellu.si. After placing an order, the\ncustomer receives an email notification that the order has been accepted. It lists the\nproducts and quantities selected by the buyer. If the buyer has chosen the option to\npay by invoice, the items are waiting or reserved for them for 3 working days.\nAccepted orders are considered irrevocable and will be executed. In the event that\nthe Buyer wishes to withdraw from the order, the Buyer must notify the Seller of this\nwithin 2 hours of placing the order by an e-mail at\u00a0<a href=\"mailto:info@libellu.si\">info@libellu.si<\/a>.<\/p>\r\n<p><b>Order rejection<\/b><\/p>\r\n<p>The libellu.si online store reserves the right to refuse any order which it determines\nthat it is not possible to fulfil under the conditions and with the information available\nto it. If the customer had already paid by invoice, the online store will refund the full\npurchase price no later than the next working day. We guarantee a 100% safe\npurchase, with the right of withdrawal and the possibility of returning the goods.<\/p>\r\n<p><b>Item return<\/b><\/p>\r\n<p>We guarantee you a 14-day deadline for returning purchased goods. If the product\ndoes not suit you and you would like to return it, you can send it to Libellu, Carmen\nMedic sp, Valvasorjevo nabre\u017eje 5, 8270 Kr\u0161ko. Please\nenclose a completed Returns Form with your parcel, which will be sent to you by e-\nmail if you wish.<\/p>\r\n<p>In accordance with the provisions of Article 43 of the Consumer Protection Act\n(ZvPot), the consumer has the right to notify the company within fourteen (14) days\nof receipt of the goods that he\/she is withdrawing from the order\/contract to the\ncontact email address\u00a0<a href=\"mailto:info@libellu.si\">info@libellu.si<\/a>\u00a0without being required to provide a reason for\nhis\/her decision. A communication is considered timely if it is submitted within 14\ndays in writing or by email. The return shipment of the returned goods to Libellu,\nCarmen Medic s.p., Valvasorjevo nabre\u017eje 5, 8270 Kr\u0161ko must be made within a\nfurther 15 days of the notification. In this case, the buyer is responsible for the costs\nincurred in returning the goods.<\/p>\r\n<p>In the event of withdrawal from the contract, the seller shall immediately, or no later\nthan 14 days after receiving the notice of withdrawal from the contract, return all\npayments received for the products, excluding shipping costs.<\/p>\r\n<p>The buyer\u00a0<b>DOES NOT<\/b>\u00a0have the right to withdraw from the contract in the following\ncases:<br \/>- for contracts relating to\ngoods which have been made to the consumer&#039;s ORDER or tailored to his\/her\nspecific needs.<br \/>- withdrawal from the contract is also not possible for products that have already\nbeen worn, washed or used.<\/p>\r\n<p>The returned item must be unused, undamaged and in its original\nundamaged packaging with all the accompanying documentation. The online store\nwww.libellu.si is not obliged to accept shipments with a ransom or shipments that do\nnot comply with the general terms and conditions  of the above-\nmentioned online store.<\/p>\r\n<p>Any parcels sent to our address postage prepaid or postage paid by the addressee\nwill be rejected and returned to the sender at the sender&#039;s expense. Please enclose\na copy of the invoice for the purchased product, your details and your bank account\nnumber. Once we receive the package, we will refund the purchase price to your\nbank account, excluding the shipping costs.<\/p>\r\n<p><b>Material defect and warranty and enforcement of rights hereunder<\/b><\/p>\r\n<p><b>Material defect<\/b><\/p>\r\n<p>The consumer can claim defects in the purchased goods from the warranty or from a\nmaterial defect, as provided for in the Consumer Protection Act - ZVPOt. You can make a complaint based on a material defect for any purchased\nproduct that has a warranty or no warranty. Thus, due to a defect in the product for\nwhich the warranty was given, the consumer can claim rights based\non a material defect, and they can also make the same decision when they do not\nwant to exercise the warranty for the product for which the warranty was given. In the\ncase of a material defect, the consumer can complain about the defect to the seller\nwithin 2 months from the discovery of the material defect, or within 2 years after the\ngoods were taken over by the buyer. When exercising the rights from this title, the\nconsumer must describe the error more precisely in the defect notification to\nthe seller and enable the seller, to review the product.\nIf the defect is\nnot disputed, the seller must comply with the consumer's claim as soon as\npossible, but no later than within 8 days. However, if there is a dispute about the\ndefect, the seller must give the consumer a written answer within 8 days.\nThe consumer can request, according to his choice: rectification of the defect,\nrefund of the amount paid in proportion to the error, replacement of goods or refund\nof the amount paid.<\/p>\r\n<p>The defect is material: if the thing does not have the characteristics\nnecessary for its normal use or for circulation; if the item does not have the characteristics required for the specific use for which the buyer is buying\nit, but which the seller was aware of or should have been aware of; if the thing does\nnot have the characteristics and features that have been explicitly or tacitly agreed or\nprescribed; if the seller has delivered a thing which does not correspond to the\nsample or model, unless the sample or model has been shown only for information. The suitability of the goods for normal use shall be judged by reference to normal\ngoods of the same type and taking into account any representations made by the\n\nseller or the manufacturer about the characteristics of the goods, in particular by\nmeans of advertising, the presentation of the product or indications on the goods\nthemselves.<\/p>\r\n<p><b>PRODUCT RECLAMATION<\/b><\/p>\r\n<p>You can make a claim by submitting an invoice.<\/p>\r\n<p>1. If your product has developed a fault that is not caused by your misuse or is not\nthe result of any action by you, you can send us a claim to make a complaint. Send\nyour request to info@libellu.si<\/p>\r\n<p>2. In the e-mail, please explain to us as clearly as possible the reason for filing a\ncomplaint, so that we can resolve your complaint as easily as possible. Next, write\ndown your information (first and last name and address) and a contact number,\nwhere we can inform you about the progress of the complaint.<\/p>\r\n<p>3. To return the product, please pack the product in suitable protective packaging so\nthat it reaches us undamaged. Attach a copy of the invoice as well as your\ninformation and a description of the product\u2019s defect with the package.<\/p>\r\n<p>4. Once the product with all associated documentation arrives at the address\nof the company Libellu, Carmen Medic sp, Valvasorjevo nabre\u017eje 5, 8270 Kr\u0161ko, we\nwill accept it for processing as soon as possible. Depending on the\ncontent of the described error defect and the findings of the complaints\ninspection, we will contact you as soon as possible and inform you of the further\nprocedure. In the case of a favourably resolved complaint, product repair, product\nreplacement or a refund including shipping costs incurred at the time of the order\nmay be offered.<\/p>\r\n<p><b>Payment methods<\/b><\/p>\r\n<p>In the libellu.si online store, we currently offer:<\/p>\r\n<p>\u2022 payment by invoice or bank transfer onto our bank\naccount<\/p>\r\n<p>In the case of payment to our bank account, upon purchase you will receive a\nnotification with all the relevant information for the account to which the transfer must\nbe made. Items ordered will be held for you for one business day. If the payment is\nnot made on time, the items will be returned to the online store. Do not make a\npayment until you receive a confirmation email that we have received your order.<\/p>\r\n<p>Regardless of the chosen method of payment for the items, you will receive the\ninvoice for the purchase of the items in the shipment at the same time as the ordered\nproducts.<\/p>\r\n<p>The valid price of the product is the one published on the day of the order and\nincludes 22% VAT.<\/p>\r\n<p><b>Delivery times<\/b><\/p>\r\n<p>The delivery time for products in stock is usually 1-3 weeks and varies\nbased on stock. If the delivery deadline will be exceptionally longer, we will\ninform you within 48 hours. If you are in a hurry, please write this in the notes and we\nwill do our best to equip the purchased products as quickly as possible. If the product\nis marked with \"in stock\", it means that the materials from which it is made are\navailable. For out-of-stock products, delivery times vary from 4 days to 30 days, or even longer\nin exceptional cases. We suggest that you contact us at info@libellu.si when\nordering products that are out of stock. We will be happy to tell you how long you\nneed to wait for the product you want.<\/p>\r\n<p><b>Delivery<\/b><\/p>\r\n<p>We ship every working day.<br \/>Delivery for the libellu.si online store is handled by DPD and Po\u0161ta Slovenije.<\/p>\r\n<p>&nbsp;<\/p>\r\n<p><b>Copyright<\/b><\/p>\r\n<p>The online store www.libellu.si is owned by the company Libellu, Carmen Medic sp,\nValvasorjevo nabre\u017eje 5, 8270 Kr\u0161ko. All rights are reserved.<br \/>Any unauthorized use of photos and other content from the online store is prohibited\nand punishable.<br \/>The content on the website may contain material whose copyright may also be the\nproperty of third parties. Any forwarding of information from the website\nwww.libellu.si is permitted only with the written approval of the owner of the online\nstore.<\/p>\r\n<p>We reserve the right to change the General terms and conditions without prior\nnotice.<br \/>\u00a0<\/p>\r\n<p><b>Basic information about the company<\/b><\/p>\r\n<p>Libellu, Carmen Medic s.p.<\/p>\r\n<p>Valvasorjevo nabre\u017eje 5<\/p>\r\n<p>8270 Kr\u0161ko<\/p>\r\n<p>(The company is not taxable)<br \/>Business account: opened with NLB: IBAN SI56 029800264408289<\/p>","protected":false},"excerpt":{"rendered":"<p>Splo\u0161ni pogoji poslovanja (29.08.2022) Splo\u0161ni pogoji poslovanja dolo\u010dajo delovanje spletne trgovine, pravice in obveznosti uporabnika in trgovine ter urejajo poslovni odnos med ponudnikom oz. trgovino in uporabnikom oz.kupcem. Svetujemo vam, da pred oddajo spletnega naro\u010dila pazljivo preberete spodaj navedene pogoje poslovanja. Z uporabo spletne strani izrazite svoje strinjanje z navedenimi pogoji. Podjetje Libellu, Carmen Medic [&#8230;]\n","protected":false},"author":1,"featured_media":0,"parent":0,"menu_order":0,"comment_status":"closed","ping_status":"open","template":"","meta":{"footnotes":""},"class_list":["post-3","page","type-page","status-publish","hentry"],"_links":{"self":[{"href":"https:\/\/libellu.si\/en\/wp-json\/wp\/v2\/pages\/3","targetHints":{"allow":["GET"]}}],"collection":[{"href":"https:\/\/libellu.si\/en\/wp-json\/wp\/v2\/pages"}],"about":[{"href":"https:\/\/libellu.si\/en\/wp-json\/wp\/v2\/types\/page"}],"author":[{"embeddable":true,"href":"https:\/\/libellu.si\/en\/wp-json\/wp\/v2\/users\/1"}],"replies":[{"embeddable":true,"href":"https:\/\/libellu.si\/en\/wp-json\/wp\/v2\/comments?post=3"}],"version-history":[{"count":1,"href":"https:\/\/libellu.si\/en\/wp-json\/wp\/v2\/pages\/3\/revisions"}],"predecessor-version":[{"id":298,"href":"https:\/\/libellu.si\/en\/wp-json\/wp\/v2\/pages\/3\/revisions\/298"}],"wp:attachment":[{"href":"https:\/\/libellu.si\/en\/wp-json\/wp\/v2\/media?parent=3"}],"curies":[{"name":"wp","href":"https:\/\/api.w.org\/{rel}","templated":true}]}}